{"id":41,"date":"2019-08-15T16:58:02","date_gmt":"2019-08-15T14:58:02","guid":{"rendered":"http:\/\/anthony.sophiejasselin.com\/?page_id=41"},"modified":"2025-01-28T19:27:26","modified_gmt":"2025-01-28T18:27:26","slug":"prestations","status":"publish","type":"page","link":"https:\/\/sophiejasselin.com\/en\/prestations\/","title":{"rendered":"Services"},"content":{"rendered":"<div data-elementor-type=\"wp-post\" data-elementor-id=\"41\" class=\"elementor elementor-41\" data-elementor-post-type=\"page\">\n\t\t\t\t\t\t<section class=\"elementor-section elementor-top-section elementor-element elementor-element-634ddea elementor-section-boxed elementor-section-height-default elementor-section-height-default\" data-id=\"634ddea\" data-element_type=\"section\" data-settings=\"{&quot;background_background&quot;:&quot;classic&quot;}\">\n\t\t\t\t\t\t<div class=\"elementor-container elementor-column-gap-default\">\n\t\t\t\t\t<div class=\"elementor-column elementor-col-50 elementor-top-column elementor-element elementor-element-4001908\" data-id=\"4001908\" data-element_type=\"column\">\n\t\t\t<div class=\"elementor-widget-wrap elementor-element-populated\">\n\t\t\t\t\t\t<div class=\"elementor-element elementor-element-127a4e3 elementor-flip-box--direction-left elementor-flip-box--3d elementor-flip-box--effect-flip elementor-widget elementor-widget-flip-box\" data-id=\"127a4e3\" data-element_type=\"widget\" data-widget_type=\"flip-box.default\">\n\t\t\t\t<div class=\"elementor-widget-container\">\n\t\t\t\t\t<div class=\"elementor-flip-box\" tabindex=\"0\">\n\t\t\t<div class=\"elementor-flip-box__layer elementor-flip-box__front\">\n\t\t\t\t<div class=\"elementor-flip-box__layer__overlay\">\n\t\t\t\t\t<div class=\"elementor-flip-box__layer__inner\">\n\t\t\t\t\t\t\n\t\t\t\t\t\t\t\t\t\t\t\t\t<h3 class=\"elementor-flip-box__layer__title\">\n\t\t\t\t\t\t\t\tProofreading\t\t\t\t\t\t\t<\/h3>\n\t\t\t\t\t\t\n\t\t\t\t\t\t\t\t\t\t\t\t\t<div class=\"elementor-flip-box__layer__description\">\n\t\t\t\t\t\t\t\t<div style=\"background-color:#e4dbcf; height:4px; width:60px; margin:auto;\"><\/div>\t\t\t\t\t\t\t<\/div>\n\t\t\t\t\t\t\t\t\t\t\t<\/div>\n\t\t\t\t<\/div>\n\t\t\t<\/div>\n\t\t\t<a class=\"elementor-flip-box__layer elementor-flip-box__back\" href=\"https:\/\/sophiejasselin.com\/en\/a-propos\/\">\n\t\t\t<div class=\"elementor-flip-box__layer__overlay\">\n\t\t\t\t<div class=\"elementor-flip-box__layer__inner\">\n\t\t\t\t\t\t\t\t\t\t\t<h3 class=\"elementor-flip-box__layer__title\">\n\t\t\t\t\t\t\tProofreading\t\t\t\t\t\t<\/h3>\n\t\t\t\t\t\n\t\t\t\t\t\t\t\t\t\t\t<div class=\"elementor-flip-box__layer__description translation-block\"><i>French language service<\/i><br> \u2192 <b>proof reading<\/b> (practical books) <br> \u2192 <b>editing<\/b> : websites, blog posts, newsletters, mails, etc.<\/div>\n\t\t\t\t\t\n\t\t\t\t\t\t\t\t<\/div>\n\t\t<\/div>\n\t\t<\/a>\n\t\t<\/div>\n\t\t\t\t<\/div>\n\t\t\t\t<\/div>\n\t\t\t\t\t<\/div>\n\t\t<\/div>\n\t\t\t\t<div class=\"elementor-column elementor-col-50 elementor-top-column elementor-element elementor-element-cfe36d5\" data-id=\"cfe36d5\" data-element_type=\"column\">\n\t\t\t<div class=\"elementor-widget-wrap elementor-element-populated\">\n\t\t\t\t\t\t<div class=\"elementor-element elementor-element-b71e74c elementor-flip-box--direction-left elementor-flip-box--3d elementor-flip-box--effect-flip elementor-widget elementor-widget-flip-box\" data-id=\"b71e74c\" data-element_type=\"widget\" data-widget_type=\"flip-box.default\">\n\t\t\t\t<div class=\"elementor-widget-container\">\n\t\t\t\t\t<div class=\"elementor-flip-box\" tabindex=\"0\">\n\t\t\t<div class=\"elementor-flip-box__layer elementor-flip-box__front\">\n\t\t\t\t<div class=\"elementor-flip-box__layer__overlay\">\n\t\t\t\t\t<div class=\"elementor-flip-box__layer__inner\">\n\t\t\t\t\t\t\n\t\t\t\t\t\t\t\t\t\t\t\t\t<h3 class=\"elementor-flip-box__layer__title\">\n\t\t\t\t\t\t\t\ttranscription\t\t\t\t\t\t\t<\/h3>\n\t\t\t\t\t\t\n\t\t\t\t\t\t\t\t\t\t\t\t\t<div class=\"elementor-flip-box__layer__description\">\n\t\t\t\t\t\t\t\t<div style=\"background-color:#e4dbcf; height:4px; width:60px; margin:auto;\"><\/div>\t\t\t\t\t\t\t<\/div>\n\t\t\t\t\t\t\t\t\t\t\t<\/div>\n\t\t\t\t<\/div>\n\t\t\t<\/div>\n\t\t\t<div class=\"elementor-flip-box__layer elementor-flip-box__back\">\n\t\t\t<div class=\"elementor-flip-box__layer__overlay\">\n\t\t\t\t<div class=\"elementor-flip-box__layer__inner\">\n\t\t\t\t\t\t\t\t\t\t\t<h3 class=\"elementor-flip-box__layer__title\">\n\t\t\t\t\t\t\tTranscription\t\t\t\t\t\t<\/h3>\n\t\t\t\t\t\n\t\t\t\t\t\t\t\t\t\t\t<div class=\"elementor-flip-box__layer__description\">\n\t\t\t\t\t\t\t\u2192 <b>conversion de fichiers audio ou vid\u00e9o <br> en textes \u00e9crits :<\/b> transformation  mot-\u00e0-mot <br>ou r\u00e9vis\u00e9e.\n<br> \u2192 <b>sous-titrage de vid\u00e9os<\/b> \u00e0 partir de scripts pr\u00e9existants ou apr\u00e8s la r\u00e9alisation d'une transcription.\n\t\t\t\t\t\t<\/div>\n\t\t\t\t\t\n\t\t\t\t\t\t\t\t<\/div>\n\t\t<\/div>\n\t\t<\/div>\n\t\t<\/div>\n\t\t\t\t<\/div>\n\t\t\t\t<\/div>\n\t\t\t\t\t<\/div>\n\t\t<\/div>\n\t\t\t\t\t<\/div>\n\t\t<\/section>\n\t\t\t\t<section class=\"elementor-section elementor-top-section elementor-element elementor-element-99ab554 elementor-section-boxed elementor-section-height-default elementor-section-height-default\" data-id=\"99ab554\" data-element_type=\"section\" data-settings=\"{&quot;background_background&quot;:&quot;classic&quot;}\">\n\t\t\t\t\t\t<div class=\"elementor-container elementor-column-gap-default\">\n\t\t\t\t\t<div class=\"elementor-column elementor-col-50 elementor-top-column elementor-element elementor-element-c0cdaa8\" data-id=\"c0cdaa8\" data-element_type=\"column\">\n\t\t\t<div class=\"elementor-widget-wrap elementor-element-populated\">\n\t\t\t\t\t\t<div class=\"elementor-element elementor-element-f639eac elementor-flip-box--direction-left elementor-flip-box--3d elementor-flip-box--effect-flip elementor-widget elementor-widget-flip-box\" data-id=\"f639eac\" data-element_type=\"widget\" data-widget_type=\"flip-box.default\">\n\t\t\t\t<div class=\"elementor-widget-container\">\n\t\t\t\t\t<div class=\"elementor-flip-box\" tabindex=\"0\">\n\t\t\t<div class=\"elementor-flip-box__layer elementor-flip-box__front\">\n\t\t\t\t<div class=\"elementor-flip-box__layer__overlay\">\n\t\t\t\t\t<div class=\"elementor-flip-box__layer__inner\">\n\t\t\t\t\t\t\n\t\t\t\t\t\t\t\t\t\t\t\t\t<h3 class=\"elementor-flip-box__layer__title\">\n\t\t\t\t\t\t\t\tPost-editing\t\t\t\t\t\t\t<\/h3>\n\t\t\t\t\t\t\n\t\t\t\t\t\t\t\t\t\t\t\t\t<div class=\"elementor-flip-box__layer__description\">\n\t\t\t\t\t\t\t\t<div style=\"background-color:#e4dbcf; height:4px; width:60px; margin:auto;\"><\/div>\t\t\t\t\t\t\t<\/div>\n\t\t\t\t\t\t\t\t\t\t\t<\/div>\n\t\t\t\t<\/div>\n\t\t\t<\/div>\n\t\t\t<div class=\"elementor-flip-box__layer elementor-flip-box__back\">\n\t\t\t<div class=\"elementor-flip-box__layer__overlay\">\n\t\t\t\t<div class=\"elementor-flip-box__layer__inner\">\n\t\t\t\t\t\t\t\t\t\t\t<h3 class=\"elementor-flip-box__layer__title\">\n\t\t\t\t\t\t\tPost-editing\t\t\t\t\t\t<\/h3>\n\t\t\t\t\t\n\t\t\t\t\t\t\t\t\t\t\t<div class=\"elementor-flip-box__layer__description translation-block\">Modification and proofreading of <br>machine translation (EN&gt;FR).<\/br><\/div>\n\t\t\t\t\t\n\t\t\t\t\t\t\t\t<\/div>\n\t\t<\/div>\n\t\t<\/div>\n\t\t<\/div>\n\t\t\t\t<\/div>\n\t\t\t\t<\/div>\n\t\t\t\t\t<\/div>\n\t\t<\/div>\n\t\t\t\t<div class=\"elementor-column elementor-col-50 elementor-top-column elementor-element elementor-element-93befa9\" data-id=\"93befa9\" data-element_type=\"column\">\n\t\t\t<div class=\"elementor-widget-wrap elementor-element-populated\">\n\t\t\t\t\t\t<div class=\"elementor-element elementor-element-dc359bc elementor-flip-box--direction-left elementor-flip-box--3d elementor-flip-box--effect-flip elementor-widget elementor-widget-flip-box\" data-id=\"dc359bc\" data-element_type=\"widget\" data-widget_type=\"flip-box.default\">\n\t\t\t\t<div class=\"elementor-widget-container\">\n\t\t\t\t\t<div class=\"elementor-flip-box\" tabindex=\"0\">\n\t\t\t<div class=\"elementor-flip-box__layer elementor-flip-box__front\">\n\t\t\t\t<div class=\"elementor-flip-box__layer__overlay\">\n\t\t\t\t\t<div class=\"elementor-flip-box__layer__inner\">\n\t\t\t\t\t\t\n\t\t\t\t\t\t\t\t\t\t\t\t\t<h3 class=\"elementor-flip-box__layer__title\">\n\t\t\t\t\t\t\t\toptimisation de CV et lettres de motivation\t\t\t\t\t\t\t<\/h3>\n\t\t\t\t\t\t\n\t\t\t\t\t\t\t\t\t\t\t\t\t<div class=\"elementor-flip-box__layer__description\">\n\t\t\t\t\t\t\t\t<div style=\"background-color:#e4dbcf; height:4px; width:60px; margin:auto;\"><\/div>\t\t\t\t\t\t\t<\/div>\n\t\t\t\t\t\t\t\t\t\t\t<\/div>\n\t\t\t\t<\/div>\n\t\t\t<\/div>\n\t\t\t<div class=\"elementor-flip-box__layer elementor-flip-box__back\">\n\t\t\t<div class=\"elementor-flip-box__layer__overlay\">\n\t\t\t\t<div class=\"elementor-flip-box__layer__inner\">\n\t\t\t\t\t\t\t\t\t\t\t<h3 class=\"elementor-flip-box__layer__title\">\n\t\t\t\t\t\t\taide pour CV et lettres de motivation\t\t\t\t\t\t<\/h3>\n\t\t\t\t\t\n\t\t\t\t\t\t\t\t\t\t\t<div class=\"elementor-flip-box__layer__description\">\n\t\t\t\t\t\t\t\u2192 <b>cr\u00e9ation :<\/b> construction de z\u00e9ro d'un CV et\/ou d'une lettre de motivation, r\u00e9dig\u00e9\u00b7es sans erreur et optimis\u00e9\u00b7es.<br>\n\u2192 <b>optimisation :<\/b> correction, r\u00e9organisation, modification et mise en page de votre document existant (CV et\/ou lettre de motivation) pour vous faire briller et mettre toutes les chances de votre c\u00f4t\u00e9.\t\t\t\t\t\t<\/div>\n\t\t\t\t\t\n\t\t\t\t\t\t\t\t<\/div>\n\t\t<\/div>\n\t\t<\/div>\n\t\t<\/div>\n\t\t\t\t<\/div>\n\t\t\t\t<\/div>\n\t\t\t\t\t<\/div>\n\t\t<\/div>\n\t\t\t\t\t<\/div>\n\t\t<\/section>\n\t\t\t\t<section class=\"elementor-section elementor-top-section elementor-element elementor-element-2dbaa9d elementor-section-boxed elementor-section-height-default elementor-section-height-default\" data-id=\"2dbaa9d\" data-element_type=\"section\" data-settings=\"{&quot;background_background&quot;:&quot;classic&quot;}\">\n\t\t\t\t\t\t\t<div class=\"elementor-background-overlay\"><\/div>\n\t\t\t\t\t\t\t<div class=\"elementor-container elementor-column-gap-default\">\n\t\t\t\t\t<div class=\"elementor-column elementor-col-100 elementor-top-column elementor-element elementor-element-763724f\" data-id=\"763724f\" data-element_type=\"column\">\n\t\t\t<div class=\"elementor-widget-wrap elementor-element-populated\">\n\t\t\t\t\t\t<div class=\"elementor-element elementor-element-1a062a0 elementor-widget-divider--view-line elementor-widget elementor-widget-divider\" data-id=\"1a062a0\" data-element_type=\"widget\" data-widget_type=\"divider.default\">\n\t\t\t\t<div class=\"elementor-widget-container\">\n\t\t\t\t\t<div class=\"elementor-divider\">\n\t\t\t<span class=\"elementor-divider-separator\">\n\t\t\t\t\t\t<\/span>\n\t\t<\/div>\n\t\t\t\t<\/div>\n\t\t\t\t<\/div>\n\t\t\t\t<div class=\"elementor-element elementor-element-5e596bb elementor-widget elementor-widget-heading\" data-id=\"5e596bb\" data-element_type=\"widget\" data-widget_type=\"heading.default\">\n\t\t\t\t<div class=\"elementor-widget-container\">\n\t\t\t<h2 class=\"elementor-heading-title elementor-size-default\">\u00c0 qui s'adressent mes services et pourquoi ?<\/h2>\t\t<\/div>\n\t\t\t\t<\/div>\n\t\t\t\t<div class=\"elementor-element elementor-element-5f6fc45 elementor-widget elementor-widget-html\" data-id=\"5f6fc45\" data-element_type=\"widget\" data-widget_type=\"html.default\">\n\t\t\t\t<div class=\"elementor-widget-container\">\n\t\t\t<div style=\"background-color:#488834; height:2px; width:200px; margin:auto;\"><\/div>\t\t<\/div>\n\t\t\t\t<\/div>\n\t\t\t\t\t<\/div>\n\t\t<\/div>\n\t\t\t\t\t<\/div>\n\t\t<\/section>\n\t\t\t\t<section class=\"elementor-section elementor-top-section elementor-element elementor-element-ae446a7 elementor-section-boxed elementor-section-height-default elementor-section-height-default\" data-id=\"ae446a7\" data-element_type=\"section\" data-settings=\"{&quot;background_background&quot;:&quot;classic&quot;}\">\n\t\t\t\t\t\t<div class=\"elementor-container elementor-column-gap-default\">\n\t\t\t\t\t<div class=\"elementor-column elementor-col-50 elementor-top-column elementor-element elementor-element-075f250\" data-id=\"075f250\" data-element_type=\"column\">\n\t\t\t<div class=\"elementor-widget-wrap elementor-element-populated\">\n\t\t\t\t\t\t<div class=\"elementor-element elementor-element-e032a89 elementor-widget elementor-widget-text-editor\" data-id=\"e032a89\" data-element_type=\"widget\" data-widget_type=\"text-editor.default\">\n\t\t\t\t<div class=\"elementor-widget-container\">\n\t\t\t\t\t\t\t<p><strong>Je travaille sur divers types de documents<\/strong> tels que des livres pratiques, des articles de blog, des contenus pour les r\u00e9seaux sociaux, des mails, des newsletters, des pages web, des lettres de motivation et des CV.<\/p><p><strong>Mes services s\u2019adressent \u00e0 un large \u00e9ventail de client\u00b7es :<\/strong> maisons d\u2019\u00e9dition, ind\u00e9pendant\u00b7es et entreprises, particuliers et particuli\u00e8res, et associations et organismes.<\/p>\t\t\t\t\t\t<\/div>\n\t\t\t\t<\/div>\n\t\t\t\t\t<\/div>\n\t\t<\/div>\n\t\t\t\t<div class=\"elementor-column elementor-col-50 elementor-top-column elementor-element elementor-element-87eed03\" data-id=\"87eed03\" data-element_type=\"column\">\n\t\t\t<div class=\"elementor-widget-wrap elementor-element-populated\">\n\t\t\t\t\t\t<div class=\"elementor-element elementor-element-fbb5eb1 elementor-widget elementor-widget-image\" data-id=\"fbb5eb1\" data-element_type=\"widget\" data-settings=\"{&quot;motion_fx_motion_fx_scrolling&quot;:&quot;yes&quot;,&quot;motion_fx_translateY_effect&quot;:&quot;yes&quot;,&quot;motion_fx_translateY_direction&quot;:&quot;negative&quot;,&quot;motion_fx_translateY_speed&quot;:{&quot;unit&quot;:&quot;px&quot;,&quot;size&quot;:0.8,&quot;sizes&quot;:[]},&quot;motion_fx_translateY_affectedRange&quot;:{&quot;unit&quot;:&quot;%&quot;,&quot;size&quot;:&quot;&quot;,&quot;sizes&quot;:{&quot;start&quot;:0,&quot;end&quot;:100}},&quot;motion_fx_devices&quot;:[&quot;desktop&quot;,&quot;tablet&quot;,&quot;mobile&quot;]}\" data-widget_type=\"image.default\">\n\t\t\t\t<div class=\"elementor-widget-container\">\n\t\t\t\t\t\t\t\t\t\t\t\t\t<img fetchpriority=\"high\" decoding=\"async\" width=\"2048\" height=\"2048\" src=\"https:\/\/sophiejasselin.com\/wp-content\/uploads\/2023\/08\/Tache_Verte-2048x2048.png\" class=\"attachment-2048x2048 size-2048x2048 wp-image-1397\" alt=\"Sophie Jasselin traduction pas cher\" srcset=\"https:\/\/sophiejasselin.com\/wp-content\/uploads\/2023\/08\/Tache_Verte-2048x2048.png 2048w, https:\/\/sophiejasselin.com\/wp-content\/uploads\/2023\/08\/Tache_Verte-300x300.png 300w, https:\/\/sophiejasselin.com\/wp-content\/uploads\/2023\/08\/Tache_Verte-1024x1024.png 1024w, https:\/\/sophiejasselin.com\/wp-content\/uploads\/2023\/08\/Tache_Verte-150x150.png 150w, https:\/\/sophiejasselin.com\/wp-content\/uploads\/2023\/08\/Tache_Verte-768x768.png 768w, https:\/\/sophiejasselin.com\/wp-content\/uploads\/2023\/08\/Tache_Verte-1536x1536.png 1536w, https:\/\/sophiejasselin.com\/wp-content\/uploads\/2023\/08\/Tache_Verte-12x12.png 12w, https:\/\/sophiejasselin.com\/wp-content\/uploads\/2023\/08\/elementor\/thumbs\/Tache_Verte-qbmp2knjzr1gdqyrk2yi2qq2uexp5mkjsbiad0efyc.png 250w\" sizes=\"(max-width: 2048px) 100vw, 2048px\" \/>\t\t\t\t\t\t\t\t\t\t\t\t\t<\/div>\n\t\t\t\t<\/div>\n\t\t\t\t\t<\/div>\n\t\t<\/div>\n\t\t\t\t\t<\/div>\n\t\t<\/section>\n\t\t\t\t<section class=\"elementor-section elementor-top-section elementor-element elementor-element-54e6ab7 elementor-section-boxed elementor-section-height-default elementor-section-height-default\" data-id=\"54e6ab7\" data-element_type=\"section\" data-settings=\"{&quot;background_background&quot;:&quot;classic&quot;}\">\n\t\t\t\t\t\t<div class=\"elementor-container elementor-column-gap-default\">\n\t\t\t\t\t<div class=\"elementor-column elementor-col-50 elementor-top-column elementor-element elementor-element-a63076d\" data-id=\"a63076d\" data-element_type=\"column\">\n\t\t\t<div class=\"elementor-widget-wrap elementor-element-populated\">\n\t\t\t\t\t\t<div class=\"elementor-element elementor-element-0d93974 elementor-widget elementor-widget-image\" data-id=\"0d93974\" data-element_type=\"widget\" data-settings=\"{&quot;motion_fx_motion_fx_scrolling&quot;:&quot;yes&quot;,&quot;motion_fx_translateY_effect&quot;:&quot;yes&quot;,&quot;motion_fx_translateY_direction&quot;:&quot;negative&quot;,&quot;motion_fx_translateY_speed&quot;:{&quot;unit&quot;:&quot;px&quot;,&quot;size&quot;:0.8,&quot;sizes&quot;:[]},&quot;motion_fx_translateY_affectedRange&quot;:{&quot;unit&quot;:&quot;%&quot;,&quot;size&quot;:&quot;&quot;,&quot;sizes&quot;:{&quot;start&quot;:0,&quot;end&quot;:100}},&quot;motion_fx_devices&quot;:[&quot;desktop&quot;,&quot;tablet&quot;,&quot;mobile&quot;]}\" data-widget_type=\"image.default\">\n\t\t\t\t<div class=\"elementor-widget-container\">\n\t\t\t\t\t\t\t\t\t\t\t\t\t<img fetchpriority=\"high\" decoding=\"async\" width=\"2048\" height=\"2048\" src=\"https:\/\/sophiejasselin.com\/wp-content\/uploads\/2023\/08\/Tache_Verte-2048x2048.png\" class=\"attachment-2048x2048 size-2048x2048 wp-image-1397\" alt=\"Sophie Jasselin traduction pas cher\" srcset=\"https:\/\/sophiejasselin.com\/wp-content\/uploads\/2023\/08\/Tache_Verte-2048x2048.png 2048w, https:\/\/sophiejasselin.com\/wp-content\/uploads\/2023\/08\/Tache_Verte-300x300.png 300w, https:\/\/sophiejasselin.com\/wp-content\/uploads\/2023\/08\/Tache_Verte-1024x1024.png 1024w, https:\/\/sophiejasselin.com\/wp-content\/uploads\/2023\/08\/Tache_Verte-150x150.png 150w, https:\/\/sophiejasselin.com\/wp-content\/uploads\/2023\/08\/Tache_Verte-768x768.png 768w, https:\/\/sophiejasselin.com\/wp-content\/uploads\/2023\/08\/Tache_Verte-1536x1536.png 1536w, https:\/\/sophiejasselin.com\/wp-content\/uploads\/2023\/08\/Tache_Verte-12x12.png 12w, https:\/\/sophiejasselin.com\/wp-content\/uploads\/2023\/08\/elementor\/thumbs\/Tache_Verte-qbmp2knjzr1gdqyrk2yi2qq2uexp5mkjsbiad0efyc.png 250w\" sizes=\"(max-width: 2048px) 100vw, 2048px\" \/>\t\t\t\t\t\t\t\t\t\t\t\t\t<\/div>\n\t\t\t\t<\/div>\n\t\t\t\t\t<\/div>\n\t\t<\/div>\n\t\t\t\t<div class=\"elementor-column elementor-col-50 elementor-top-column elementor-element elementor-element-3cf18fa\" data-id=\"3cf18fa\" data-element_type=\"column\">\n\t\t\t<div class=\"elementor-widget-wrap elementor-element-populated\">\n\t\t\t\t\t\t<div class=\"elementor-element elementor-element-40b6c5e elementor-widget elementor-widget-text-editor\" data-id=\"40b6c5e\" data-element_type=\"widget\" data-widget_type=\"text-editor.default\">\n\t\t\t\t<div class=\"elementor-widget-container\">\n\t\t\t\t\t\t\t<p>En tant que <strong>correctrice professionnelle<\/strong>, ma mission consiste \u00e0 am\u00e9liorer la qualit\u00e9, la clart\u00e9 et la cr\u00e9dibilit\u00e9 d&rsquo;un contenu \u00e9crit en d\u00e9tectant et en corrigeant, entre autres, les erreurs grammaticales, orthographiques et de ponctuation. Je veille \u00e0 la coh\u00e9rence, \u00e0 la fluidit\u00e9 et \u00e0 la pr\u00e9cision linguistique, et contribue donc \u00e0 renforcer la confiance accord\u00e9e au contenu et \u00e0 garantir une communication efficace.<\/p><p>By collaborating with professional translators or proofreaders, depending on your specific needs, you gain access to linguistic proficiency, precise and tailored work, and an overall enhancement of your content's quality and clarity. Their role is to add substantial value by ensuring the excellence of your text, making it more fluid, well-structured, and tailored to your target audience.<\/p>\t\t\t\t\t\t<\/div>\n\t\t\t\t<\/div>\n\t\t\t\t\t<\/div>\n\t\t<\/div>\n\t\t\t\t\t<\/div>\n\t\t<\/section>\n\t\t\t\t<section class=\"elementor-section elementor-top-section elementor-element elementor-element-edcf2fb elementor-section-boxed elementor-section-height-default elementor-section-height-default\" data-id=\"edcf2fb\" data-element_type=\"section\" data-settings=\"{&quot;background_background&quot;:&quot;classic&quot;}\">\n\t\t\t\t\t\t<div class=\"elementor-container elementor-column-gap-default\">\n\t\t\t\t\t<div class=\"elementor-column elementor-col-50 elementor-top-column elementor-element elementor-element-25801bc\" data-id=\"25801bc\" data-element_type=\"column\">\n\t\t\t<div class=\"elementor-widget-wrap elementor-element-populated\">\n\t\t\t\t\t\t<div class=\"elementor-element elementor-element-666738d elementor-widget elementor-widget-text-editor\" data-id=\"666738d\" data-element_type=\"widget\" data-widget_type=\"text-editor.default\">\n\t\t\t\t<div class=\"elementor-widget-container\">\n\t\t\t\t\t\t\t<p>En tant que <strong>traductrice professionnelle<\/strong>, j&rsquo;exerce un m\u00e9tier qui requiert des comp\u00e9tences linguistiques approfondies et une ma\u00eetrise des subtilit\u00e9s des langues de travail (dans mon cas\u00a0: l\u2019anglais et le fran\u00e7ais). Ces comp\u00e9tences me permettent de pr\u00e9server les nuances de votre texte, \u00e0 la diff\u00e9rence d&rsquo;un traducteur automatique qui peut produire des phrases incoh\u00e9rentes. Gr\u00e2ce \u00e0 ma capacit\u00e9 \u00e0 faire des choix appropri\u00e9s en fonction du contexte, j&rsquo;assure la fid\u00e9lit\u00e9 de votre texte tout en offrant une traduction fluide.<\/p>\t\t\t\t\t\t<\/div>\n\t\t\t\t<\/div>\n\t\t\t\t\t<\/div>\n\t\t<\/div>\n\t\t\t\t<div class=\"elementor-column elementor-col-50 elementor-top-column elementor-element elementor-element-281acd2\" data-id=\"281acd2\" data-element_type=\"column\">\n\t\t\t<div class=\"elementor-widget-wrap elementor-element-populated\">\n\t\t\t\t\t\t<div class=\"elementor-element elementor-element-7900fb1 elementor-widget elementor-widget-image\" data-id=\"7900fb1\" data-element_type=\"widget\" data-settings=\"{&quot;motion_fx_motion_fx_scrolling&quot;:&quot;yes&quot;,&quot;motion_fx_translateY_effect&quot;:&quot;yes&quot;,&quot;motion_fx_translateY_direction&quot;:&quot;negative&quot;,&quot;motion_fx_translateY_speed&quot;:{&quot;unit&quot;:&quot;px&quot;,&quot;size&quot;:0.8,&quot;sizes&quot;:[]},&quot;motion_fx_translateY_affectedRange&quot;:{&quot;unit&quot;:&quot;%&quot;,&quot;size&quot;:&quot;&quot;,&quot;sizes&quot;:{&quot;start&quot;:0,&quot;end&quot;:100}},&quot;motion_fx_devices&quot;:[&quot;desktop&quot;,&quot;tablet&quot;,&quot;mobile&quot;]}\" data-widget_type=\"image.default\">\n\t\t\t\t<div class=\"elementor-widget-container\">\n\t\t\t\t\t\t\t\t\t\t\t\t\t<img fetchpriority=\"high\" decoding=\"async\" width=\"2048\" height=\"2048\" src=\"https:\/\/sophiejasselin.com\/wp-content\/uploads\/2023\/08\/Tache_Verte-2048x2048.png\" class=\"attachment-2048x2048 size-2048x2048 wp-image-1397\" alt=\"Sophie Jasselin traduction pas cher\" srcset=\"https:\/\/sophiejasselin.com\/wp-content\/uploads\/2023\/08\/Tache_Verte-2048x2048.png 2048w, https:\/\/sophiejasselin.com\/wp-content\/uploads\/2023\/08\/Tache_Verte-300x300.png 300w, https:\/\/sophiejasselin.com\/wp-content\/uploads\/2023\/08\/Tache_Verte-1024x1024.png 1024w, https:\/\/sophiejasselin.com\/wp-content\/uploads\/2023\/08\/Tache_Verte-150x150.png 150w, https:\/\/sophiejasselin.com\/wp-content\/uploads\/2023\/08\/Tache_Verte-768x768.png 768w, https:\/\/sophiejasselin.com\/wp-content\/uploads\/2023\/08\/Tache_Verte-1536x1536.png 1536w, https:\/\/sophiejasselin.com\/wp-content\/uploads\/2023\/08\/Tache_Verte-12x12.png 12w, https:\/\/sophiejasselin.com\/wp-content\/uploads\/2023\/08\/elementor\/thumbs\/Tache_Verte-qbmp2knjzr1gdqyrk2yi2qq2uexp5mkjsbiad0efyc.png 250w\" sizes=\"(max-width: 2048px) 100vw, 2048px\" \/>\t\t\t\t\t\t\t\t\t\t\t\t\t<\/div>\n\t\t\t\t<\/div>\n\t\t\t\t\t<\/div>\n\t\t<\/div>\n\t\t\t\t\t<\/div>\n\t\t<\/section>\n\t\t\t\t<section class=\"elementor-section elementor-top-section elementor-element elementor-element-b23cd31 elementor-section-boxed elementor-section-height-default elementor-section-height-default\" data-id=\"b23cd31\" data-element_type=\"section\" data-settings=\"{&quot;background_background&quot;:&quot;classic&quot;}\">\n\t\t\t\t\t\t<div class=\"elementor-container elementor-column-gap-default\">\n\t\t\t\t\t<div class=\"elementor-column elementor-col-100 elementor-top-column elementor-element elementor-element-23f936f\" data-id=\"23f936f\" data-element_type=\"column\">\n\t\t\t<div class=\"elementor-widget-wrap elementor-element-populated\">\n\t\t\t\t\t\t<div class=\"elementor-element elementor-element-a3fdbf2 elementor-align-center elementor-widget elementor-widget-button\" data-id=\"a3fdbf2\" data-element_type=\"widget\" data-widget_type=\"button.default\">\n\t\t\t\t<div class=\"elementor-widget-container\">\n\t\t\t\t\t<div class=\"elementor-button-wrapper\">\n\t\t\t<a class=\"elementor-button elementor-button-link elementor-size-md\" href=\"https:\/\/sophiejasselin.com\/en\/devis\/\">\n\t\t\t\t\t\t<span class=\"elementor-button-content-wrapper\">\n\t\t\t\t\t\t\t\t\t<span class=\"elementor-button-text\">Let's work together!<\/span>\n\t\t\t\t\t<\/span>\n\t\t\t\t\t<\/a>\n\t\t<\/div>\n\t\t\t\t<\/div>\n\t\t\t\t<\/div>\n\t\t\t\t\t<\/div>\n\t\t<\/div>\n\t\t\t\t\t<\/div>\n\t\t<\/section>\n\t\t\t\t<\/div>","protected":false},"excerpt":{"rendered":"<p>Correction Correction \u2192 relecture sur \u00e9preuves (hors romans) : prestation r\u00e9serv\u00e9e \u00e0 l&rsquo;\u00e9dition et \u00e0 la presse. \u2192 correction de contenus pro : articles de blog, pages web, docs internes, [&hellip;]<\/p>","protected":false},"author":1,"featured_media":0,"parent":0,"menu_order":0,"comment_status":"closed","ping_status":"closed","template":"","meta":{"footnotes":""},"class_list":["post-41","page","type-page","status-publish","hentry"],"_links":{"self":[{"href":"https:\/\/sophiejasselin.com\/en\/wp-json\/wp\/v2\/pages\/41"}],"collection":[{"href":"https:\/\/sophiejasselin.com\/en\/wp-json\/wp\/v2\/pages"}],"about":[{"href":"https:\/\/sophiejasselin.com\/en\/wp-json\/wp\/v2\/types\/page"}],"author":[{"embeddable":true,"href":"https:\/\/sophiejasselin.com\/en\/wp-json\/wp\/v2\/users\/1"}],"replies":[{"embeddable":true,"href":"https:\/\/sophiejasselin.com\/en\/wp-json\/wp\/v2\/comments?post=41"}],"version-history":[{"count":180,"href":"https:\/\/sophiejasselin.com\/en\/wp-json\/wp\/v2\/pages\/41\/revisions"}],"predecessor-version":[{"id":1898,"href":"https:\/\/sophiejasselin.com\/en\/wp-json\/wp\/v2\/pages\/41\/revisions\/1898"}],"wp:attachment":[{"href":"https:\/\/sophiejasselin.com\/en\/wp-json\/wp\/v2\/media?parent=41"}],"curies":[{"name":"wp","href":"https:\/\/api.w.org\/{rel}","templated":true}]}}