{"id":43,"date":"2019-08-15T16:58:13","date_gmt":"2019-08-15T14:58:13","guid":{"rendered":"http:\/\/anthony.sophiejasselin.com\/?page_id=43"},"modified":"2023-06-12T16:10:12","modified_gmt":"2023-06-12T14:10:12","slug":"devis","status":"publish","type":"page","link":"https:\/\/sophiejasselin.com\/en\/devis\/","title":{"rendered":"Contact"},"content":{"rendered":"<div data-elementor-type=\"wp-post\" data-elementor-id=\"43\" class=\"elementor elementor-43\" data-elementor-post-type=\"page\">\n\t\t\t\t\t\t<section class=\"elementor-section elementor-top-section elementor-element elementor-element-ff51cfa elementor-section-boxed elementor-section-height-default elementor-section-height-default\" data-id=\"ff51cfa\" data-element_type=\"section\" data-settings=\"{&quot;background_background&quot;:&quot;classic&quot;}\">\n\t\t\t\t\t\t<div class=\"elementor-container elementor-column-gap-default\">\n\t\t\t\t\t<div class=\"elementor-column elementor-col-100 elementor-top-column elementor-element elementor-element-ee7d808\" data-id=\"ee7d808\" data-element_type=\"column\">\n\t\t\t<div class=\"elementor-widget-wrap elementor-element-populated\">\n\t\t\t\t\t\t<div class=\"elementor-element elementor-element-a00fd16 elementor-widget elementor-widget-text-editor\" data-id=\"a00fd16\" data-element_type=\"widget\" data-widget_type=\"text-editor.default\">\n\t\t\t\t<div class=\"elementor-widget-container\">\n\t\t\t\t\t\t\t<p style=\"text-align: justify;\" class=\" translation-block\">For a personalized quote (free and non-binding) or if you have any questions regarding your project, please don't hesitate to contact me via email at the following address: <b>sophiejasselin.trad@gmail.com<\/b>.<\/p>\n<p style=\"text-align: justify;\"><span style=\"font-size: 1rem;\">The information you provide will be treated confidentially, and your request will be addressed as soon as possible.<\/span><\/p>\n<p style=\"text-align: justify;\">Follow me on <a href=\"https:\/\/www.instagram.com\/sophiejasselin\/\">Instagram<\/a> and <a href=\"https:\/\/www.linkedin.com\/in\/sophie-jasselin\/\">LinkedIn<\/a>.<span style=\"font-size: 1rem;\"><br><\/span><\/p>\t\t\t\t\t\t<\/div>\n\t\t\t\t<\/div>\n\t\t\t\t\t<\/div>\n\t\t<\/div>\n\t\t\t\t\t<\/div>\n\t\t<\/section>\n\t\t\t\t<section class=\"elementor-section elementor-top-section elementor-element elementor-element-e59ce98 elementor-section-boxed elementor-section-height-default elementor-section-height-default\" data-id=\"e59ce98\" data-element_type=\"section\" data-settings=\"{&quot;background_background&quot;:&quot;classic&quot;}\">\n\t\t\t\t\t\t<div class=\"elementor-container elementor-column-gap-default\">\n\t\t\t\t\t<div class=\"elementor-column elementor-col-50 elementor-top-column elementor-element elementor-element-a11e52e\" data-id=\"a11e52e\" data-element_type=\"column\">\n\t\t\t<div class=\"elementor-widget-wrap elementor-element-populated\">\n\t\t\t\t\t\t<div class=\"elementor-element elementor-element-5bc162b elementor-widget elementor-widget-image\" data-id=\"5bc162b\" data-element_type=\"widget\" data-widget_type=\"image.default\">\n\t\t\t\t<div class=\"elementor-widget-container\">\n\t\t\t\t\t\t\t\t\t\t\t\t\t\t<a href=\"https:\/\/www.instagram.com\/sophiejasselin\/\" target=\"_blank\">\n\t\t\t\t\t\t\t<img fetchpriority=\"high\" decoding=\"async\" width=\"169\" height=\"300\" src=\"https:\/\/sophiejasselin.com\/wp-content\/uploads\/2023\/03\/Storyyy-169x300.png\" class=\"attachment-medium size-medium wp-image-944\" alt=\"Instagram sophie jasselin correcteur correctrice correction\" srcset=\"https:\/\/sophiejasselin.com\/wp-content\/uploads\/2023\/03\/Storyyy-169x300.png 169w, https:\/\/sophiejasselin.com\/wp-content\/uploads\/2023\/03\/Storyyy-576x1024.png 576w, https:\/\/sophiejasselin.com\/wp-content\/uploads\/2023\/03\/Storyyy-768x1365.png 768w, https:\/\/sophiejasselin.com\/wp-content\/uploads\/2023\/03\/Storyyy-864x1536.png 864w, https:\/\/sophiejasselin.com\/wp-content\/uploads\/2023\/03\/Storyyy-7x12.png 7w, https:\/\/sophiejasselin.com\/wp-content\/uploads\/2023\/03\/Storyyy.png 1080w\" sizes=\"(max-width: 169px) 100vw, 169px\" \/>\t\t\t\t\t\t\t\t<\/a>\n\t\t\t\t\t\t\t\t\t\t\t\t\t<\/div>\n\t\t\t\t<\/div>\n\t\t\t\t\t<\/div>\n\t\t<\/div>\n\t\t\t\t<div class=\"elementor-column elementor-col-50 elementor-top-column elementor-element elementor-element-791f168\" data-id=\"791f168\" data-element_type=\"column\">\n\t\t\t<div class=\"elementor-widget-wrap elementor-element-populated\">\n\t\t\t\t\t\t<div class=\"elementor-element elementor-element-6f52608 elementor-widget elementor-widget-image\" data-id=\"6f52608\" data-element_type=\"widget\" data-widget_type=\"image.default\">\n\t\t\t\t<div class=\"elementor-widget-container\">\n\t\t\t\t\t\t\t\t\t\t\t\t\t\t<a href=\"https:\/\/www.linkedin.com\/in\/sophie-jasselin\/\" target=\"_blank\">\n\t\t\t\t\t\t\t<img decoding=\"async\" width=\"169\" height=\"300\" src=\"https:\/\/sophiejasselin.com\/wp-content\/uploads\/2023\/03\/Storylii-169x300.png\" class=\"attachment-medium size-medium wp-image-946\" alt=\"sophie jasselin linkedin traductrice correctrice\" srcset=\"https:\/\/sophiejasselin.com\/wp-content\/uploads\/2023\/03\/Storylii-169x300.png 169w, https:\/\/sophiejasselin.com\/wp-content\/uploads\/2023\/03\/Storylii-576x1024.png 576w, https:\/\/sophiejasselin.com\/wp-content\/uploads\/2023\/03\/Storylii-768x1365.png 768w, https:\/\/sophiejasselin.com\/wp-content\/uploads\/2023\/03\/Storylii-864x1536.png 864w, https:\/\/sophiejasselin.com\/wp-content\/uploads\/2023\/03\/Storylii-7x12.png 7w, https:\/\/sophiejasselin.com\/wp-content\/uploads\/2023\/03\/Storylii.png 1080w\" sizes=\"(max-width: 169px) 100vw, 169px\" \/>\t\t\t\t\t\t\t\t<\/a>\n\t\t\t\t\t\t\t\t\t\t\t\t\t<\/div>\n\t\t\t\t<\/div>\n\t\t\t\t\t<\/div>\n\t\t<\/div>\n\t\t\t\t\t<\/div>\n\t\t<\/section>\n\t\t\t\t<\/div>","protected":false},"excerpt":{"rendered":"<p>Pour obtenir un devis personnalis\u00e9 (gratuit et sans engagement) ou me poser des questions \u00e0 propos de votre projet, vous pouvez me contacter par mail \u00e0 l&rsquo;adresse suivante : sophiejasselin.trad@gmail.com. [&hellip;]<\/p>","protected":false},"author":1,"featured_media":0,"parent":0,"menu_order":0,"comment_status":"closed","ping_status":"closed","template":"","meta":{"footnotes":""},"class_list":["post-43","page","type-page","status-publish","hentry"],"_links":{"self":[{"href":"https:\/\/sophiejasselin.com\/en\/wp-json\/wp\/v2\/pages\/43"}],"collection":[{"href":"https:\/\/sophiejasselin.com\/en\/wp-json\/wp\/v2\/pages"}],"about":[{"href":"https:\/\/sophiejasselin.com\/en\/wp-json\/wp\/v2\/types\/page"}],"author":[{"embeddable":true,"href":"https:\/\/sophiejasselin.com\/en\/wp-json\/wp\/v2\/users\/1"}],"replies":[{"embeddable":true,"href":"https:\/\/sophiejasselin.com\/en\/wp-json\/wp\/v2\/comments?post=43"}],"version-history":[{"count":99,"href":"https:\/\/sophiejasselin.com\/en\/wp-json\/wp\/v2\/pages\/43\/revisions"}],"predecessor-version":[{"id":1297,"href":"https:\/\/sophiejasselin.com\/en\/wp-json\/wp\/v2\/pages\/43\/revisions\/1297"}],"wp:attachment":[{"href":"https:\/\/sophiejasselin.com\/en\/wp-json\/wp\/v2\/media?parent=43"}],"curies":[{"name":"wp","href":"https:\/\/api.w.org\/{rel}","templated":true}]}}