{"id":45,"date":"2019-08-15T16:58:21","date_gmt":"2019-08-15T14:58:21","guid":{"rendered":"http:\/\/anthony.sophiejasselin.com\/?page_id=45"},"modified":"2023-06-13T17:20:30","modified_gmt":"2023-06-13T15:20:30","slug":"a-propos","status":"publish","type":"page","link":"https:\/\/sophiejasselin.com\/en\/a-propos\/","title":{"rendered":"Projects"},"content":{"rendered":"<div data-elementor-type=\"wp-post\" data-elementor-id=\"45\" class=\"elementor elementor-45\" data-elementor-post-type=\"page\">\n\t\t\t\t\t\t<section class=\"elementor-section elementor-top-section elementor-element elementor-element-2a9927ec elementor-section-content-middle elementor-section-boxed elementor-section-height-default elementor-section-height-default\" data-id=\"2a9927ec\" data-element_type=\"section\" data-settings=\"{&quot;background_background&quot;:&quot;classic&quot;}\">\n\t\t\t\t\t\t<div class=\"elementor-container elementor-column-gap-no\">\n\t\t\t\t\t<div class=\"elementor-column elementor-col-100 elementor-top-column elementor-element elementor-element-3669832c\" data-id=\"3669832c\" data-element_type=\"column\">\n\t\t\t<div class=\"elementor-widget-wrap elementor-element-populated\">\n\t\t\t\t\t\t<div class=\"elementor-element elementor-element-111d3f1 elementor-widget elementor-widget-heading\" data-id=\"111d3f1\" data-element_type=\"widget\" data-widget_type=\"heading.default\">\n\t\t\t\t<div class=\"elementor-widget-container\">\n\t\t\t<h1 class=\"elementor-heading-title elementor-size-default\">Projects<\/h1>\t\t<\/div>\n\t\t\t\t<\/div>\n\t\t\t\t<section class=\"elementor-section elementor-inner-section elementor-element elementor-element-03ae4ee elementor-section-content-middle elementor-section-boxed elementor-section-height-default elementor-section-height-default\" data-id=\"03ae4ee\" data-element_type=\"section\">\n\t\t\t\t\t\t<div class=\"elementor-container elementor-column-gap-no\">\n\t\t\t\t\t<div class=\"elementor-column elementor-col-100 elementor-inner-column elementor-element elementor-element-c5b134a\" data-id=\"c5b134a\" data-element_type=\"column\">\n\t\t\t<div class=\"elementor-widget-wrap elementor-element-populated\">\n\t\t\t\t\t\t<div class=\"elementor-element elementor-element-918eaa5 elementor--v-position-top elementor--h-position-center elementor-arrows-position-inside elementor-pagination-position-inside elementor-widget elementor-widget-slides\" data-id=\"918eaa5\" data-element_type=\"widget\" data-settings=\"{&quot;navigation&quot;:&quot;both&quot;,&quot;autoplay&quot;:&quot;yes&quot;,&quot;pause_on_hover&quot;:&quot;yes&quot;,&quot;pause_on_interaction&quot;:&quot;yes&quot;,&quot;autoplay_speed&quot;:5000,&quot;infinite&quot;:&quot;yes&quot;,&quot;transition&quot;:&quot;slide&quot;,&quot;transition_speed&quot;:500}\" data-widget_type=\"slides.default\">\n\t\t\t\t<div class=\"elementor-widget-container\">\n\t\t\t\t\t<div class=\"elementor-swiper\">\n\t\t\t<div class=\"elementor-slides-wrapper elementor-main-swiper swiper\" dir=\"ltr\" data-animation=\"\">\n\t\t\t\t<div class=\"swiper-wrapper elementor-slides\">\n\t\t\t\t\t\t\t\t\t\t<div class=\"elementor-repeater-item-0b973f8 swiper-slide\"><div class=\"swiper-slide-bg\" role=\"img\"><\/div><a class=\"swiper-slide-inner\" href=\"https:\/\/www.fnac.com\/a17823208\/Diane-Deswarte-Sexplorer-le-desir#omnsearchpos=4\" target=\"_blank\"><div class=\"swiper-slide-contents\"><div class=\"elementor-slide-heading\">Proof reading<\/div><div class=\"elementor-slide-description\"><i>Sexplorer le d\u00e9sir<\/i>, Mango 2023 <br>Authors: Diane Deswarte, Masha Sexplique\n<\/div><\/div><\/a><\/div><div class=\"elementor-repeater-item-f0bffe8 swiper-slide\"><div class=\"swiper-slide-bg\" role=\"img\"><\/div><a class=\"swiper-slide-inner\" href=\"https:\/\/www.mangoeditions.com\/9782317031656-un-perinee-au-taquet.html\" target=\"_blank\"><div class=\"swiper-slide-contents\"><div class=\"elementor-slide-heading\">Proof reading<\/div><div class=\"elementor-slide-description\"><i>Un p\u00e9rin\u00e9e au taquet<\/i>, Mango 2023 <br>Author: Johanna Schleiffer <br><\/div><\/div><\/a><\/div><div class=\"elementor-repeater-item-532efc4 swiper-slide\"><div class=\"swiper-slide-bg\" role=\"img\"><\/div><a class=\"swiper-slide-inner\" href=\"https:\/\/www.mangoeditions.com\/9782317030895-une-consultation-gyneco-sans-accroc.html\" target=\"_blank\"><div class=\"swiper-slide-contents\"><div class=\"elementor-slide-heading\">Proof reading<\/div><div class=\"elementor-slide-description\"><i>Une consultation gyn\u00e9co sans accro<\/i>, Mango 2022 <br>Author: Alice Pf\u00e4ltzer <\/div><\/div><\/a><\/div><div class=\"elementor-repeater-item-e7cbd15 swiper-slide\"><div class=\"swiper-slide-bg\" role=\"img\"><\/div><a class=\"swiper-slide-inner\" href=\"https:\/\/www.mangoeditions.com\/9782317028151-garce-hysterique-et-autres-joyeusetes-group.html\" target=\"_blank\"><div class=\"swiper-slide-contents\"><div class=\"elementor-slide-heading\">Proof reading<\/div><div class=\"elementor-slide-description\"><i>Garce, hyt\u00e9rique et autres joyeuset\u00e9s<\/i>, Mango 2021 <br>Authors: Alice Pf\u00e4ltzer, Laetitia Abad Estieu <br> <\/div><\/div><\/a><\/div><div class=\"elementor-repeater-item-777aea9 swiper-slide\"><div class=\"swiper-slide-bg\" role=\"img\"><\/div><a class=\"swiper-slide-inner\" href=\"https:\/\/www.paulsmithpublishing.co.uk\/Categories\/Non-Fiction\/Philosophy-Self-Improvement\/WUSUT-Wake-Up-Shake-Up-Thrive-Comment-Donner-Votre-Vie-un-Nouveau-Souffle-aprs-50-Ans\/\" target=\"_blank\"><div class=\"swiper-slide-contents\"><div class=\"elementor-slide-heading\">Proof reading<\/div><div class=\"elementor-slide-description\"><i>Wake up, Shake up, Thrive!<\/i>, Paul Smith Publishing 2022 <br>Authors: Ellen Kocher, Dominique Ben Dhaou <br><\/div><\/div><\/a><\/div><div class=\"elementor-repeater-item-61d8619 swiper-slide\"><div class=\"swiper-slide-bg\" role=\"img\"><\/div><a class=\"swiper-slide-inner\" href=\"http:\/\/www.pub-editions.fr\/index.php\/revues\/dynamiques-environnementales\/du-glint-baltique-au-lac-peipous-a-la-decouverte-de-l-environnement-estonien-dynamiques-environnementales-45.html\" target=\"_blank\"><div class=\"swiper-slide-contents\"><div class=\"elementor-slide-heading translation-block\">Translation and editing<\/div><div class=\"elementor-slide-description\"><i>Dynamiques environnementales<\/i>, 2020<\/div><\/div><\/a><\/div>\t\t\t\t<\/div>\n\t\t\t\t\t\t\t\t\t\t\t\t\t\t\t<div class=\"swiper-pagination\"><\/div>\n\t\t\t\t\t\t\t\t\t\t\t\t\t\t\t\t<div class=\"elementor-swiper-button elementor-swiper-button-prev\" role=\"button\" tabindex=\"0\">\n\t\t\t\t\t\t\t<i aria-hidden=\"true\" class=\"eicon-chevron-left\"><\/i>\t\t\t\t\t\t\t<span class=\"elementor-screen-only\">Previous slide<\/span>\n\t\t\t\t\t\t<\/div>\n\t\t\t\t\t\t<div class=\"elementor-swiper-button elementor-swiper-button-next\" role=\"button\" tabindex=\"0\">\n\t\t\t\t\t\t\t<i aria-hidden=\"true\" class=\"eicon-chevron-right\"><\/i>\t\t\t\t\t\t\t<span class=\"elementor-screen-only\">Next slide<\/span>\n\t\t\t\t\t\t<\/div>\n\t\t\t\t\t\t\t\t\t\t\t\t<\/div>\n\t\t<\/div>\n\t\t\t\t<\/div>\n\t\t\t\t<\/div>\n\t\t\t\t\t<\/div>\n\t\t<\/div>\n\t\t\t\t\t<\/div>\n\t\t<\/section>\n\t\t\t\t\t<\/div>\n\t\t<\/div>\n\t\t\t\t\t<\/div>\n\t\t<\/section>\n\t\t\t\t<section class=\"elementor-section elementor-top-section elementor-element elementor-element-1478950 elementor-section-content-middle elementor-section-boxed elementor-section-height-default elementor-section-height-default\" data-id=\"1478950\" data-element_type=\"section\" data-settings=\"{&quot;background_background&quot;:&quot;classic&quot;}\">\n\t\t\t\t\t\t<div class=\"elementor-container elementor-column-gap-no\">\n\t\t\t\t\t<div class=\"elementor-column elementor-col-100 elementor-top-column elementor-element elementor-element-c4d46f4\" data-id=\"c4d46f4\" data-element_type=\"column\">\n\t\t\t<div class=\"elementor-widget-wrap elementor-element-populated\">\n\t\t\t\t\t\t<div class=\"elementor-element elementor-element-f711944 elementor-widget elementor-widget-heading\" data-id=\"f711944\" data-element_type=\"widget\" data-widget_type=\"heading.default\">\n\t\t\t\t<div class=\"elementor-widget-container\">\n\t\t\t<h2 class=\"elementor-heading-title elementor-size-default\">Quelques r\u00e9f\u00e9rences<\/h2>\t\t<\/div>\n\t\t\t\t<\/div>\n\t\t\t\t<section class=\"elementor-section elementor-inner-section elementor-element elementor-element-582114d elementor-section-content-middle elementor-section-boxed elementor-section-height-default elementor-section-height-default\" data-id=\"582114d\" data-element_type=\"section\">\n\t\t\t\t\t\t<div class=\"elementor-container elementor-column-gap-no\">\n\t\t\t\t\t<div class=\"elementor-column elementor-col-33 elementor-inner-column elementor-element elementor-element-812ac05\" data-id=\"812ac05\" data-element_type=\"column\">\n\t\t\t<div class=\"elementor-widget-wrap elementor-element-populated\">\n\t\t\t\t\t\t<div class=\"elementor-element elementor-element-a727caf elementor-widget elementor-widget-image\" data-id=\"a727caf\" data-element_type=\"widget\" data-widget_type=\"image.default\">\n\t\t\t\t<div class=\"elementor-widget-container\">\n\t\t\t\t\t\t\t\t\t\t<figure class=\"wp-caption\">\n\t\t\t\t\t\t\t\t\t\t\t<a href=\"https:\/\/www.mangoeditions.com\/9782317028151-garce-hysterique-et-autres-joyeusetes-group.html\" target=\"_blank\">\n\t\t\t\t\t\t\t<img fetchpriority=\"high\" decoding=\"async\" width=\"540\" height=\"270\" src=\"https:\/\/sophiejasselin.com\/wp-content\/uploads\/2022\/03\/mango_editions_logo.png\" class=\"attachment-full size-full wp-image-869\" alt=\"mango_editions_logo\" srcset=\"https:\/\/sophiejasselin.com\/wp-content\/uploads\/2022\/03\/mango_editions_logo.png 540w, https:\/\/sophiejasselin.com\/wp-content\/uploads\/2022\/03\/mango_editions_logo-300x150.png 300w, https:\/\/sophiejasselin.com\/wp-content\/uploads\/2022\/03\/mango_editions_logo-18x9.png 18w\" sizes=\"(max-width: 540px) 100vw, 540px\" \/>\t\t\t\t\t\t\t\t<\/a>\n\t\t\t\t\t\t\t\t\t\t\t<figcaption class=\"widget-image-caption wp-caption-text\"><\/figcaption>\n\t\t\t\t\t\t\t\t\t\t<\/figure>\n\t\t\t\t\t\t\t<\/div>\n\t\t\t\t<\/div>\n\t\t\t\t\t<\/div>\n\t\t<\/div>\n\t\t\t\t<div class=\"elementor-column elementor-col-33 elementor-inner-column elementor-element elementor-element-6708668\" data-id=\"6708668\" data-element_type=\"column\">\n\t\t\t<div class=\"elementor-widget-wrap elementor-element-populated\">\n\t\t\t\t\t\t<div class=\"elementor-element elementor-element-717b516 elementor-widget elementor-widget-image\" data-id=\"717b516\" data-element_type=\"widget\" data-widget_type=\"image.default\">\n\t\t\t\t<div class=\"elementor-widget-container\">\n\t\t\t\t\t\t\t\t\t\t\t\t\t\t<a href=\"https:\/\/casino-luxembourg.lu\/fr\/agenda\/endodrome\" target=\"_blank\">\n\t\t\t\t\t\t\t<img decoding=\"async\" width=\"653\" height=\"285\" src=\"https:\/\/sophiejasselin.com\/wp-content\/uploads\/2023\/01\/casino-luxembourg-logo.png\" class=\"attachment-large size-large wp-image-934\" alt=\"Logo Casino Luxembourg\" srcset=\"https:\/\/sophiejasselin.com\/wp-content\/uploads\/2023\/01\/casino-luxembourg-logo.png 653w, https:\/\/sophiejasselin.com\/wp-content\/uploads\/2023\/01\/casino-luxembourg-logo-300x131.png 300w, https:\/\/sophiejasselin.com\/wp-content\/uploads\/2023\/01\/casino-luxembourg-logo-18x8.png 18w\" sizes=\"(max-width: 653px) 100vw, 653px\" \/>\t\t\t\t\t\t\t\t<\/a>\n\t\t\t\t\t\t\t\t\t\t\t\t\t<\/div>\n\t\t\t\t<\/div>\n\t\t\t\t\t<\/div>\n\t\t<\/div>\n\t\t\t\t<div class=\"elementor-column elementor-col-33 elementor-inner-column elementor-element elementor-element-33a88be\" data-id=\"33a88be\" data-element_type=\"column\">\n\t\t\t<div class=\"elementor-widget-wrap elementor-element-populated\">\n\t\t\t\t\t\t<div class=\"elementor-element elementor-element-836ba56 elementor-widget elementor-widget-image\" data-id=\"836ba56\" data-element_type=\"widget\" data-widget_type=\"image.default\">\n\t\t\t\t<div class=\"elementor-widget-container\">\n\t\t\t\t\t\t\t\t\t\t<figure class=\"wp-caption\">\n\t\t\t\t\t\t\t\t\t\t<img decoding=\"async\" width=\"452\" height=\"205\" src=\"https:\/\/sophiejasselin.com\/wp-content\/uploads\/2022\/03\/google.png\" class=\"attachment-large size-large wp-image-853\" alt=\"logo_google\" srcset=\"https:\/\/sophiejasselin.com\/wp-content\/uploads\/2022\/03\/google.png 452w, https:\/\/sophiejasselin.com\/wp-content\/uploads\/2022\/03\/google-300x136.png 300w, https:\/\/sophiejasselin.com\/wp-content\/uploads\/2022\/03\/google-18x8.png 18w\" sizes=\"(max-width: 452px) 100vw, 452px\" \/>\t\t\t\t\t\t\t\t\t\t\t<figcaption class=\"widget-image-caption wp-caption-text\"><\/figcaption>\n\t\t\t\t\t\t\t\t\t\t<\/figure>\n\t\t\t\t\t\t\t<\/div>\n\t\t\t\t<\/div>\n\t\t\t\t\t<\/div>\n\t\t<\/div>\n\t\t\t\t\t<\/div>\n\t\t<\/section>\n\t\t\t\t<section class=\"elementor-section elementor-inner-section elementor-element elementor-element-f95faa9 elementor-section-content-middle elementor-section-boxed elementor-section-height-default elementor-section-height-default\" data-id=\"f95faa9\" data-element_type=\"section\">\n\t\t\t\t\t\t<div class=\"elementor-container elementor-column-gap-no\">\n\t\t\t\t\t<div class=\"elementor-column elementor-col-33 elementor-inner-column elementor-element elementor-element-f23b940\" data-id=\"f23b940\" data-element_type=\"column\">\n\t\t\t<div class=\"elementor-widget-wrap elementor-element-populated\">\n\t\t\t\t\t\t<div class=\"elementor-element elementor-element-cf4aab3 elementor-widget__width-initial elementor-widget elementor-widget-image\" data-id=\"cf4aab3\" data-element_type=\"widget\" data-widget_type=\"image.default\">\n\t\t\t\t<div class=\"elementor-widget-container\">\n\t\t\t\t\t\t\t\t\t\t\t\t\t\t<a href=\"http:\/\/www.pub-editions.fr\/index.php\/revues\/dynamiques-environnementales\/du-glint-baltique-au-lac-peipous-a-la-decouverte-de-l-environnement-estonien-dynamiques-environnementales-43.html\" target=\"_blank\">\n\t\t\t\t\t\t\t<img loading=\"lazy\" decoding=\"async\" width=\"720\" height=\"145\" src=\"https:\/\/sophiejasselin.com\/wp-content\/uploads\/2022\/03\/BANNIERE-PUB.gif\" class=\"attachment-large size-large wp-image-863\" alt=\"dynamiques_environnementales\" \/>\t\t\t\t\t\t\t\t<\/a>\n\t\t\t\t\t\t\t\t\t\t\t\t\t<\/div>\n\t\t\t\t<\/div>\n\t\t\t\t\t<\/div>\n\t\t<\/div>\n\t\t\t\t<div class=\"elementor-column elementor-col-33 elementor-inner-column elementor-element elementor-element-dabc65c\" data-id=\"dabc65c\" data-element_type=\"column\">\n\t\t\t<div class=\"elementor-widget-wrap elementor-element-populated\">\n\t\t\t\t\t\t<div class=\"elementor-element elementor-element-7b51ded elementor-widget elementor-widget-image\" data-id=\"7b51ded\" data-element_type=\"widget\" data-widget_type=\"image.default\">\n\t\t\t\t<div class=\"elementor-widget-container\">\n\t\t\t\t\t\t\t\t\t\t<figure class=\"wp-caption\">\n\t\t\t\t\t\t\t\t\t\t<img loading=\"lazy\" decoding=\"async\" width=\"800\" height=\"800\" src=\"https:\/\/sophiejasselin.com\/wp-content\/uploads\/2023\/03\/aldi.png\" class=\"attachment-large size-large wp-image-1193\" alt=\"aldi communication interne newsletter traductrice\" srcset=\"https:\/\/sophiejasselin.com\/wp-content\/uploads\/2023\/03\/aldi.png 1000w, https:\/\/sophiejasselin.com\/wp-content\/uploads\/2023\/03\/aldi-300x300.png 300w, https:\/\/sophiejasselin.com\/wp-content\/uploads\/2023\/03\/aldi-150x150.png 150w, https:\/\/sophiejasselin.com\/wp-content\/uploads\/2023\/03\/aldi-768x768.png 768w, https:\/\/sophiejasselin.com\/wp-content\/uploads\/2023\/03\/aldi-12x12.png 12w\" sizes=\"(max-width: 800px) 100vw, 800px\" \/>\t\t\t\t\t\t\t\t\t\t\t<figcaption class=\"widget-image-caption wp-caption-text\"><\/figcaption>\n\t\t\t\t\t\t\t\t\t\t<\/figure>\n\t\t\t\t\t\t\t<\/div>\n\t\t\t\t<\/div>\n\t\t\t\t\t<\/div>\n\t\t<\/div>\n\t\t\t\t<div class=\"elementor-column elementor-col-33 elementor-inner-column elementor-element elementor-element-a49e700\" data-id=\"a49e700\" data-element_type=\"column\">\n\t\t\t<div class=\"elementor-widget-wrap elementor-element-populated\">\n\t\t\t\t\t\t<div class=\"elementor-element elementor-element-f36b485 elementor-widget elementor-widget-image\" data-id=\"f36b485\" data-element_type=\"widget\" data-widget_type=\"image.default\">\n\t\t\t\t<div class=\"elementor-widget-container\">\n\t\t\t\t\t\t\t\t\t\t\t\t\t<img loading=\"lazy\" decoding=\"async\" width=\"531\" height=\"224\" src=\"https:\/\/sophiejasselin.com\/wp-content\/uploads\/2022\/03\/logo_sanctuaire_saint_roch_montpellier.png\" class=\"attachment-large size-large wp-image-859\" alt=\"logo_sanctuaire_saint_roch_montpellier\" srcset=\"https:\/\/sophiejasselin.com\/wp-content\/uploads\/2022\/03\/logo_sanctuaire_saint_roch_montpellier.png 531w, https:\/\/sophiejasselin.com\/wp-content\/uploads\/2022\/03\/logo_sanctuaire_saint_roch_montpellier-300x127.png 300w, https:\/\/sophiejasselin.com\/wp-content\/uploads\/2022\/03\/logo_sanctuaire_saint_roch_montpellier-18x8.png 18w\" sizes=\"(max-width: 531px) 100vw, 531px\" \/>\t\t\t\t\t\t\t\t\t\t\t\t\t<\/div>\n\t\t\t\t<\/div>\n\t\t\t\t\t<\/div>\n\t\t<\/div>\n\t\t\t\t\t<\/div>\n\t\t<\/section>\n\t\t\t\t<section class=\"elementor-section elementor-inner-section elementor-element elementor-element-951a7d9 elementor-section-content-middle elementor-section-boxed elementor-section-height-default elementor-section-height-default\" data-id=\"951a7d9\" data-element_type=\"section\">\n\t\t\t\t\t\t<div class=\"elementor-container elementor-column-gap-no\">\n\t\t\t\t\t<div class=\"elementor-column elementor-col-25 elementor-inner-column elementor-element elementor-element-e36a11d\" data-id=\"e36a11d\" data-element_type=\"column\">\n\t\t\t<div class=\"elementor-widget-wrap elementor-element-populated\">\n\t\t\t\t\t\t<div class=\"elementor-element elementor-element-2b96b86 elementor-widget elementor-widget-image\" data-id=\"2b96b86\" data-element_type=\"widget\" data-widget_type=\"image.default\">\n\t\t\t\t<div class=\"elementor-widget-container\">\n\t\t\t\t\t\t\t\t\t\t<figure class=\"wp-caption\">\n\t\t\t\t\t\t\t\t\t\t<img loading=\"lazy\" decoding=\"async\" width=\"540\" height=\"276\" src=\"https:\/\/sophiejasselin.com\/wp-content\/uploads\/2022\/03\/janssen_logo.png\" class=\"attachment-large size-large wp-image-867\" alt=\"\" srcset=\"https:\/\/sophiejasselin.com\/wp-content\/uploads\/2022\/03\/janssen_logo.png 540w, https:\/\/sophiejasselin.com\/wp-content\/uploads\/2022\/03\/janssen_logo-300x153.png 300w, https:\/\/sophiejasselin.com\/wp-content\/uploads\/2022\/03\/janssen_logo-18x9.png 18w\" sizes=\"(max-width: 540px) 100vw, 540px\" \/>\t\t\t\t\t\t\t\t\t\t\t<figcaption class=\"widget-image-caption wp-caption-text\"><\/figcaption>\n\t\t\t\t\t\t\t\t\t\t<\/figure>\n\t\t\t\t\t\t\t<\/div>\n\t\t\t\t<\/div>\n\t\t\t\t\t<\/div>\n\t\t<\/div>\n\t\t\t\t<div class=\"elementor-column elementor-col-25 elementor-inner-column elementor-element elementor-element-c17845a\" data-id=\"c17845a\" data-element_type=\"column\">\n\t\t\t<div class=\"elementor-widget-wrap elementor-element-populated\">\n\t\t\t\t\t\t<div class=\"elementor-element elementor-element-00605f6 elementor-widget elementor-widget-image\" data-id=\"00605f6\" data-element_type=\"widget\" data-widget_type=\"image.default\">\n\t\t\t\t<div class=\"elementor-widget-container\">\n\t\t\t\t\t\t\t\t\t\t<figure class=\"wp-caption\">\n\t\t\t\t\t\t\t\t\t\t<img loading=\"lazy\" decoding=\"async\" width=\"441\" height=\"176\" src=\"https:\/\/sophiejasselin.com\/wp-content\/uploads\/2022\/03\/amazon.png\" class=\"attachment-large size-large wp-image-848\" alt=\"logo_amazon\" srcset=\"https:\/\/sophiejasselin.com\/wp-content\/uploads\/2022\/03\/amazon.png 441w, https:\/\/sophiejasselin.com\/wp-content\/uploads\/2022\/03\/amazon-300x120.png 300w, https:\/\/sophiejasselin.com\/wp-content\/uploads\/2022\/03\/amazon-18x7.png 18w\" sizes=\"(max-width: 441px) 100vw, 441px\" \/>\t\t\t\t\t\t\t\t\t\t\t<figcaption class=\"widget-image-caption wp-caption-text\"><\/figcaption>\n\t\t\t\t\t\t\t\t\t\t<\/figure>\n\t\t\t\t\t\t\t<\/div>\n\t\t\t\t<\/div>\n\t\t\t\t\t<\/div>\n\t\t<\/div>\n\t\t\t\t<div class=\"elementor-column elementor-col-25 elementor-inner-column elementor-element elementor-element-17e5209\" data-id=\"17e5209\" data-element_type=\"column\">\n\t\t\t<div class=\"elementor-widget-wrap elementor-element-populated\">\n\t\t\t\t\t\t<div class=\"elementor-element elementor-element-a78b4a1 elementor-widget elementor-widget-image\" data-id=\"a78b4a1\" data-element_type=\"widget\" data-widget_type=\"image.default\">\n\t\t\t\t<div class=\"elementor-widget-container\">\n\t\t\t\t\t\t\t\t\t\t\t\t\t<img loading=\"lazy\" decoding=\"async\" width=\"522\" height=\"180\" src=\"https:\/\/sophiejasselin.com\/wp-content\/uploads\/2022\/03\/logo_societe_generale.png\" class=\"attachment-large size-large wp-image-860\" alt=\"logo_societe_generale\" srcset=\"https:\/\/sophiejasselin.com\/wp-content\/uploads\/2022\/03\/logo_societe_generale.png 522w, https:\/\/sophiejasselin.com\/wp-content\/uploads\/2022\/03\/logo_societe_generale-300x103.png 300w, https:\/\/sophiejasselin.com\/wp-content\/uploads\/2022\/03\/logo_societe_generale-18x6.png 18w\" sizes=\"(max-width: 522px) 100vw, 522px\" \/>\t\t\t\t\t\t\t\t\t\t\t\t\t<\/div>\n\t\t\t\t<\/div>\n\t\t\t\t\t<\/div>\n\t\t<\/div>\n\t\t\t\t<div class=\"elementor-column elementor-col-25 elementor-inner-column elementor-element elementor-element-3bce687\" data-id=\"3bce687\" data-element_type=\"column\">\n\t\t\t<div class=\"elementor-widget-wrap elementor-element-populated\">\n\t\t\t\t\t\t<div class=\"elementor-element elementor-element-9a3c4d9 elementor-widget elementor-widget-image\" data-id=\"9a3c4d9\" data-element_type=\"widget\" data-widget_type=\"image.default\">\n\t\t\t\t<div class=\"elementor-widget-container\">\n\t\t\t\t\t\t\t\t\t\t<figure class=\"wp-caption\">\n\t\t\t\t\t\t\t\t\t\t<img loading=\"lazy\" decoding=\"async\" width=\"319\" height=\"259\" src=\"https:\/\/sophiejasselin.com\/wp-content\/uploads\/2022\/03\/aviva_logo.png\" class=\"attachment-large size-large wp-image-868\" alt=\"aviva_logo\" srcset=\"https:\/\/sophiejasselin.com\/wp-content\/uploads\/2022\/03\/aviva_logo.png 319w, https:\/\/sophiejasselin.com\/wp-content\/uploads\/2022\/03\/aviva_logo-300x244.png 300w, https:\/\/sophiejasselin.com\/wp-content\/uploads\/2022\/03\/aviva_logo-15x12.png 15w\" sizes=\"(max-width: 319px) 100vw, 319px\" \/>\t\t\t\t\t\t\t\t\t\t\t<figcaption class=\"widget-image-caption wp-caption-text\"><\/figcaption>\n\t\t\t\t\t\t\t\t\t\t<\/figure>\n\t\t\t\t\t\t\t<\/div>\n\t\t\t\t<\/div>\n\t\t\t\t\t<\/div>\n\t\t<\/div>\n\t\t\t\t\t<\/div>\n\t\t<\/section>\n\t\t\t\t\t<\/div>\n\t\t<\/div>\n\t\t\t\t\t<\/div>\n\t\t<\/section>\n\t\t\t\t<\/div>","protected":false},"excerpt":{"rendered":"<p>Mes r\u00e9alisations Relecture d&rsquo;\u00e9preuvesSexplorer le d\u00e9sir, Mango 2023 Autrices : Diane Deswarte, Masha Sexplique Relecture d&rsquo;\u00e9preuvesUn p\u00e9rin\u00e9e au taquet, Mango 2023 Autrice : Johanna Schleiffer Relecture d&rsquo;\u00e9preuvesUne consultation gyn\u00e9co sans [&hellip;]<\/p>","protected":false},"author":1,"featured_media":0,"parent":0,"menu_order":0,"comment_status":"closed","ping_status":"closed","template":"","meta":{"footnotes":""},"class_list":["post-45","page","type-page","status-publish","hentry"],"_links":{"self":[{"href":"https:\/\/sophiejasselin.com\/en\/wp-json\/wp\/v2\/pages\/45"}],"collection":[{"href":"https:\/\/sophiejasselin.com\/en\/wp-json\/wp\/v2\/pages"}],"about":[{"href":"https:\/\/sophiejasselin.com\/en\/wp-json\/wp\/v2\/types\/page"}],"author":[{"embeddable":true,"href":"https:\/\/sophiejasselin.com\/en\/wp-json\/wp\/v2\/users\/1"}],"replies":[{"embeddable":true,"href":"https:\/\/sophiejasselin.com\/en\/wp-json\/wp\/v2\/comments?post=45"}],"version-history":[{"count":293,"href":"https:\/\/sophiejasselin.com\/en\/wp-json\/wp\/v2\/pages\/45\/revisions"}],"predecessor-version":[{"id":1786,"href":"https:\/\/sophiejasselin.com\/en\/wp-json\/wp\/v2\/pages\/45\/revisions\/1786"}],"wp:attachment":[{"href":"https:\/\/sophiejasselin.com\/en\/wp-json\/wp\/v2\/media?parent=45"}],"curies":[{"name":"wp","href":"https:\/\/api.w.org\/{rel}","templated":true}]}}