{"id":6,"date":"2019-08-01T15:12:06","date_gmt":"2019-08-01T13:12:06","guid":{"rendered":"http:\/\/anthony.sophiejasselin.com\/?page_id=6"},"modified":"2025-01-28T19:21:45","modified_gmt":"2025-01-28T18:21:45","slug":"accueil","status":"publish","type":"page","link":"https:\/\/sophiejasselin.com\/en\/","title":{"rendered":"Accueil"},"content":{"rendered":"<div data-elementor-type=\"wp-post\" data-elementor-id=\"6\" class=\"elementor elementor-6\" data-elementor-post-type=\"page\">\n\t\t\t\t\t\t<section class=\"elementor-section elementor-top-section elementor-element elementor-element-f1f6a43 elementor-section-boxed elementor-section-height-default elementor-section-height-default\" data-id=\"f1f6a43\" data-element_type=\"section\" data-settings=\"{&quot;background_background&quot;:&quot;classic&quot;}\">\n\t\t\t\t\t\t<div class=\"elementor-container elementor-column-gap-default\">\n\t\t\t\t\t<div class=\"elementor-column elementor-col-100 elementor-top-column elementor-element elementor-element-255687a\" data-id=\"255687a\" data-element_type=\"column\" data-settings=\"{&quot;background_background&quot;:&quot;classic&quot;}\">\n\t\t\t<div class=\"elementor-widget-wrap elementor-element-populated\">\n\t\t\t\t\t\t<div class=\"elementor-element elementor-element-bb76e95 e-transform e-transform elementor-widget elementor-widget-heading\" data-id=\"bb76e95\" data-element_type=\"widget\" data-settings=\"{&quot;_transform_translateX_effect_mobile&quot;:{&quot;unit&quot;:&quot;px&quot;,&quot;size&quot;:0,&quot;sizes&quot;:[]},&quot;_transform_translateY_effect_mobile&quot;:{&quot;unit&quot;:&quot;px&quot;,&quot;size&quot;:0,&quot;sizes&quot;:[]},&quot;_transform_scale_effect_mobile&quot;:{&quot;unit&quot;:&quot;px&quot;,&quot;size&quot;:1,&quot;sizes&quot;:[]},&quot;_transform_translateX_effect&quot;:{&quot;unit&quot;:&quot;px&quot;,&quot;size&quot;:&quot;&quot;,&quot;sizes&quot;:[]},&quot;_transform_translateX_effect_tablet&quot;:{&quot;unit&quot;:&quot;px&quot;,&quot;size&quot;:&quot;&quot;,&quot;sizes&quot;:[]},&quot;_transform_translateY_effect&quot;:{&quot;unit&quot;:&quot;px&quot;,&quot;size&quot;:&quot;&quot;,&quot;sizes&quot;:[]},&quot;_transform_translateY_effect_tablet&quot;:{&quot;unit&quot;:&quot;px&quot;,&quot;size&quot;:&quot;&quot;,&quot;sizes&quot;:[]},&quot;_transform_scale_effect&quot;:{&quot;unit&quot;:&quot;px&quot;,&quot;size&quot;:&quot;&quot;,&quot;sizes&quot;:[]},&quot;_transform_scale_effect_tablet&quot;:{&quot;unit&quot;:&quot;px&quot;,&quot;size&quot;:&quot;&quot;,&quot;sizes&quot;:[]}}\" data-widget_type=\"heading.default\">\n\t\t\t\t<div class=\"elementor-widget-container\">\n\t\t\t<h1 class=\"elementor-heading-title elementor-size-default\">Hello, je suis Sophie, votre prestataire de services linguistiques<\/h1>\t\t<\/div>\n\t\t\t\t<\/div>\n\t\t\t\t<div class=\"elementor-element elementor-element-e47ca86 elementor-widget elementor-widget-heading\" data-id=\"e47ca86\" data-element_type=\"widget\" data-widget_type=\"heading.default\">\n\t\t\t\t<div class=\"elementor-widget-container\">\n\t\t\t<h2 class=\"elementor-heading-title elementor-size-large\">Your language service provider <br>J'optimise votre CV et votre lettre de motivation. <br>Je transcris et sous-titre vos documents audio ou vid\u00e9o.<\/h2>\t\t<\/div>\n\t\t\t\t<\/div>\n\t\t\t\t\t<\/div>\n\t\t<\/div>\n\t\t\t\t\t<\/div>\n\t\t<\/section>\n\t\t\t\t<section class=\"elementor-section elementor-top-section elementor-element elementor-element-0dc2499 elementor-section-boxed elementor-section-height-default elementor-section-height-default\" data-id=\"0dc2499\" data-element_type=\"section\" data-settings=\"{&quot;background_background&quot;:&quot;classic&quot;}\">\n\t\t\t\t\t\t<div class=\"elementor-container elementor-column-gap-default\">\n\t\t\t\t\t<div class=\"elementor-column elementor-col-50 elementor-top-column elementor-element elementor-element-5fc65d9\" data-id=\"5fc65d9\" data-element_type=\"column\">\n\t\t\t<div class=\"elementor-widget-wrap elementor-element-populated\">\n\t\t\t\t\t\t<div class=\"elementor-element elementor-element-358d89c elementor-widget elementor-widget-image\" data-id=\"358d89c\" data-element_type=\"widget\" data-widget_type=\"image.default\">\n\t\t\t\t<div class=\"elementor-widget-container\">\n\t\t\t\t\t\t\t\t\t\t\t\t\t<img fetchpriority=\"high\" decoding=\"async\" width=\"1536\" height=\"2048\" src=\"https:\/\/sophiejasselin.com\/wp-content\/uploads\/2025\/01\/WhatsApp-Image-2025-01-28-a-16.02.00_2580fe37.jpg\" class=\"attachment-full size-full wp-image-1851\" alt=\"\" srcset=\"https:\/\/sophiejasselin.com\/wp-content\/uploads\/2025\/01\/WhatsApp-Image-2025-01-28-a-16.02.00_2580fe37.jpg 1536w, https:\/\/sophiejasselin.com\/wp-content\/uploads\/2025\/01\/WhatsApp-Image-2025-01-28-a-16.02.00_2580fe37-225x300.jpg 225w, https:\/\/sophiejasselin.com\/wp-content\/uploads\/2025\/01\/WhatsApp-Image-2025-01-28-a-16.02.00_2580fe37-768x1024.jpg 768w, https:\/\/sophiejasselin.com\/wp-content\/uploads\/2025\/01\/WhatsApp-Image-2025-01-28-a-16.02.00_2580fe37-1152x1536.jpg 1152w, https:\/\/sophiejasselin.com\/wp-content\/uploads\/2025\/01\/WhatsApp-Image-2025-01-28-a-16.02.00_2580fe37-9x12.jpg 9w\" sizes=\"(max-width: 1536px) 100vw, 1536px\" \/>\t\t\t\t\t\t\t\t\t\t\t\t\t<\/div>\n\t\t\t\t<\/div>\n\t\t\t\t<div class=\"elementor-element elementor-element-070a8c6 elementor-cta--skin-classic elementor-animated-content elementor-bg-transform elementor-bg-transform-zoom-in elementor-widget elementor-widget-call-to-action\" data-id=\"070a8c6\" data-element_type=\"widget\" data-widget_type=\"call-to-action.default\">\n\t\t\t\t<div class=\"elementor-widget-container\">\n\t\t\t\t\t<div class=\"elementor-cta\">\n\t\t\t\t\t\t\t<div class=\"elementor-cta__content\">\n\t\t\t\t\n\t\t\t\t\n\t\t\t\t\n\t\t\t\t\t\t\t\t\t<div class=\"elementor-cta__button-wrapper elementor-cta__content-item elementor-content-item\">\n\t\t\t\t\t<a class=\"elementor-cta__button elementor-button elementor-size-\" href=\"https:\/\/sophiejasselin.com\/en\/prestations\/\">\n\t\t\t\t\t\tD\u00e9couvrez mes prestations\t\t\t\t\t<\/a>\n\t\t\t\t\t<\/div>\n\t\t\t\t\t\t\t<\/div>\n\t\t\t\t\t\t<\/div>\n\t\t\t\t<\/div>\n\t\t\t\t<\/div>\n\t\t\t\t\t<\/div>\n\t\t<\/div>\n\t\t\t\t<div class=\"elementor-column elementor-col-50 elementor-top-column elementor-element elementor-element-78f9cf6\" data-id=\"78f9cf6\" data-element_type=\"column\">\n\t\t\t<div class=\"elementor-widget-wrap elementor-element-populated\">\n\t\t\t\t\t\t<div class=\"elementor-element elementor-element-311c047 elementor-widget elementor-widget-text-editor\" data-id=\"311c047\" data-element_type=\"widget\" data-widget_type=\"text-editor.default\">\n\t\t\t\t<div class=\"elementor-widget-container\">\n\t\t\t\t\t\t\t<p>En tant qu\u2019<strong>amoureuse de la langue fran\u00e7aise<\/strong>, je vous propose une expertise approfondie pour <strong>sublimer vos contenus<\/strong> en les corrigeant ou en les transcrivant.<\/p><p>Faire appel \u00e0 une sp\u00e9cialiste vous permet de b\u00e9n\u00e9ficier d\u2019une <strong>expertise linguistique<\/strong> et d\u2019un <strong>travail pr\u00e9cis et adapt\u00e9<\/strong>. Chaque projet est unique et m\u00e9rite une attention particuli\u00e8re. Je suis l\u00e0 pour apporter une r\u00e9elle valeur ajout\u00e9e en veillant \u00e0 la qualit\u00e9 de votre texte, en le rendant plus fluide, bien structur\u00e9 et adapt\u00e9 \u00e0 votre public.<\/p><p>Contrairement \u00e0 des outils de correction ou de transcription automatiques, je poss\u00e8de la capacit\u00e9 de rep\u00e9rer les ambigu\u00eft\u00e9s, les redondances ou les formulations maladroites, et de les am\u00e9liorer afin de garantir une communication claire et efficace, <strong>renfor\u00e7ant ainsi la cr\u00e9dibilit\u00e9 de votre message<\/strong>.<\/p><p>Que vous ayez besoin de corriger un article de blog, de transcrire une vid\u00e9o YouTube, ou d&rsquo;optimiser votre CV pour le rendre plus impactant, <strong>je m\u2019adapte \u00e0 vos besoins sp\u00e9cifiques<\/strong>. En collaborant avec moi, vous choisissez une partenaire d\u00e9vou\u00e9e qui se consacre pleinement \u00e0 la qualit\u00e9 de vos \u00e9crits. Je m\u2019engage \u00e0 faire briller votre contenu.<\/p><p><strong>Confiez-moi vos contenus pour une communication impeccable et renforcez votre impact d\u00e8s aujourd\u2019hui\u2009!<\/strong><\/p>\t\t\t\t\t\t<\/div>\n\t\t\t\t<\/div>\n\t\t\t\t\t<\/div>\n\t\t<\/div>\n\t\t\t\t\t<\/div>\n\t\t<\/section>\n\t\t\t\t<\/div>","protected":false},"excerpt":{"rendered":"<p>Hello, je suis Sophie, votre prestataire de services linguistiques Je relis et corrige vos contenus. J&rsquo;optimise votre CV et votre lettre de motivation. Je transcris et sous-titre vos documents audio [&hellip;]<\/p>","protected":false},"author":1,"featured_media":0,"parent":0,"menu_order":0,"comment_status":"closed","ping_status":"closed","template":"","meta":{"footnotes":""},"class_list":["post-6","page","type-page","status-publish","hentry"],"_links":{"self":[{"href":"https:\/\/sophiejasselin.com\/en\/wp-json\/wp\/v2\/pages\/6"}],"collection":[{"href":"https:\/\/sophiejasselin.com\/en\/wp-json\/wp\/v2\/pages"}],"about":[{"href":"https:\/\/sophiejasselin.com\/en\/wp-json\/wp\/v2\/types\/page"}],"author":[{"embeddable":true,"href":"https:\/\/sophiejasselin.com\/en\/wp-json\/wp\/v2\/users\/1"}],"replies":[{"embeddable":true,"href":"https:\/\/sophiejasselin.com\/en\/wp-json\/wp\/v2\/comments?post=6"}],"version-history":[{"count":285,"href":"https:\/\/sophiejasselin.com\/en\/wp-json\/wp\/v2\/pages\/6\/revisions"}],"predecessor-version":[{"id":1895,"href":"https:\/\/sophiejasselin.com\/en\/wp-json\/wp\/v2\/pages\/6\/revisions\/1895"}],"wp:attachment":[{"href":"https:\/\/sophiejasselin.com\/en\/wp-json\/wp\/v2\/media?parent=6"}],"curies":[{"name":"wp","href":"https:\/\/api.w.org\/{rel}","templated":true}]}}